{"id":709,"date":"2025-08-10T13:19:31","date_gmt":"2025-08-10T13:19:31","guid":{"rendered":"https:\/\/biongine.com\/baza-wiedzy"},"modified":"2025-08-10T13:52:18","modified_gmt":"2025-08-10T13:52:18","slug":"baza-wiedzy","status":"publish","type":"page","link":"https:\/\/biongine.com\/pl\/baza-wiedzy","title":{"rendered":"Baza wiedzy"},"content":{"rendered":"\t\t<div data-elementor-type=\"wp-page\" data-elementor-id=\"709\" class=\"elementor elementor-709 elementor-688\" data-elementor-post-type=\"page\">\n\t\t\t\t<div class=\"elementor-element elementor-element-9d10df1 e-flex e-con-boxed e-con e-parent\" data-id=\"9d10df1\" data-element_type=\"container\" data-e-type=\"container\">\n\t\t\t\t\t<div class=\"e-con-inner\">\n\t\t\t\t<div class=\"elementor-element elementor-element-ad06d8a elementor-widget elementor-widget-heading\" data-id=\"ad06d8a\" data-element_type=\"widget\" data-e-type=\"widget\" data-widget_type=\"heading.default\">\n\t\t\t\t\t<h1 class=\"elementor-heading-title elementor-size-default\">Baza wiedzy<\/h1>\t\t\t\t<\/div>\n\t\t\t\t\t<\/div>\n\t\t\t\t<\/div>\n\t\t<div class=\"elementor-element elementor-element-56a9caa e-flex e-con-boxed e-con e-parent\" data-id=\"56a9caa\" data-element_type=\"container\" data-e-type=\"container\">\n\t\t\t\t\t<div class=\"e-con-inner\">\n\t\t\t\t<div class=\"elementor-element elementor-element-81d1dde elementor-widget elementor-widget-ucaddon_post_blocks\" data-id=\"81d1dde\" data-element_type=\"widget\" data-e-type=\"widget\" data-widget_type=\"ucaddon_post_blocks.default\">\n\t\t\t\t<div class=\"elementor-widget-container\">\n\t\t\t\t\t\n<!-- start Post Blocks -->\n\t\t<link id='font-awesome-css' href='https:\/\/biongine.com\/wp-content\/plugins\/unlimited-elements\/assets_libraries\/font-awesome6\/fontawesome-all.min.css' type='text\/css' rel='stylesheet' >\n\t\t<link id='font-awesome-4-shim-css' href='https:\/\/biongine.com\/wp-content\/plugins\/unlimited-elements\/assets_libraries\/font-awesome6\/fontawesome-v4-shims.min.css' type='text\/css' rel='stylesheet' >\n\n<style>\/* widget: Post Blocks *\/\n\n\r\n@keyframes uc_post_blocks_elementor_81d1dde__item-animation {\r\n  0% {\r\n            \r\n        \t        \tfilter: blur(10px);\r\n\t\t\t\r\n    \t    opacity: 0;\r\n  }\r\n  100% {\r\n            \r\n        \t            filter: blur(0px);\r\n            \r\n    \t\topacity: 1;\r\n  }\r\n}\r\n\r\n\r\n#uc_post_blocks_elementor_81d1dde .ue_post_blocks_box{\r\n\topacity:0;\r\n}\r\n\r\n\r\n#uc_post_blocks_elementor_81d1dde .uc-entrance-animate {\r\n  opacity:1;\r\n}\r\n\r\n#uc_post_blocks_elementor_81d1dde .uc-entrance-animate {\r\n\tanimation: uc_post_blocks_elementor_81d1dde__item-animation 0.6s cubic-bezier(0.470, 0.000, 0.745, 0.715) both;\r\n}\r\n\r\n\t\t\t\n\n#uc_post_blocks_elementor_81d1dde {\n    display:grid;\n}\n#uc_post_blocks_elementor_81d1dde .ue_post_blocks_box\n{\n  overflow:hidden;\n}\n\n#uc_post_blocks_elementor_81d1dde .ue_post_blocks_image\n{\n  overflow:hidden;\n}\n#uc_post_blocks_elementor_81d1dde .ue_post_blocks_image img\n{\n  width:100%;\n  display:block;\n}\n#uc_post_blocks_elementor_81d1dde .ue_post_blocks_link a\n{\n  display:inline-block;\n  text-decoration:none;\n  text-align:center;\n}\n\n\n#uc_post_blocks_elementor_81d1dde .ue-grid-item-meta-data\n{\n  display:inlin-flex;\n  flex-wrap: wrap;\n}\n\n.ue-grid-item-meta-data\n{\n  font-size:12px;\n}\n\n#uc_post_blocks_elementor_81d1dde .ue-grid-item-meta-data-icon\n{\n  line-height:1em;\n}\n\n#uc_post_blocks_elementor_81d1dde .ue-grid-item-meta-data-icon svg\n{\n  width:1em;\n  height:1em;\n}\n\n#uc_post_blocks_elementor_81d1dde .ue_post_blocks_box{\n  display: flex;\n  flex-direction: column;\n}\n#uc_post_blocks_elementor_81d1dde .ue_post_blocks_content{\n display: flex; flex-grow: 1;\n flex-direction: column;\n}\n#uc_post_blocks_elementor_81d1dde .ue_post_blocks_link{ margin-top: auto;\n}\n\n.ue-grid-item-category a\n{\n  display:inline-block;\n  font-size:10px;\n  text-transform:uppercase;\n}\n\n\n\n\n<\/style>\n\n<div id=\"uc_post_blocks_elementor_81d1dde\" class=\"ue_post_blocks uc-items-wrapper \" >\n    <div class=\"ue_post_blocks_box\">\n    <div class=\"ue_post_blocks_image\">\n    <a href=\"https:\/\/biongine.com\/pl\/krew-rzeka-zycia-w-nas\" style=\"display:block;\"><img decoding=\"async\" src=\"https:\/\/biongine.com\/wp-content\/uploads\/2025\/08\/image-73.webp\"  src=\"https:\/\/biongine.com\/wp-content\/uploads\/2025\/08\/image-73.webp\" alt=\"Blood: the river of life within us\" width=\"2184\" height=\"1224\"><\/a>\n  <\/div>\n    <div class=\"ue_post_blocks_content\">\n      \n     <div class=\"ue-grid-item-category\"><a href=\"https:\/\/biongine.com\/pl\/category\/badania-krwi\">Badania krwi<\/a><a href=\"https:\/\/biongine.com\/pl\/category\/biomarkery\">Biomarkery<\/a><\/div>\n         \n    <div class=\"ue_post_blocks_title\"><a href=\"https:\/\/biongine.com\/pl\/krew-rzeka-zycia-w-nas\">Krew: rzeka \u017cycia w nas<\/a><\/div>    \n        \n    \n    <div class=\"ue_post_blocks_text\">Je\u015bli kiedykolwiek obserwowa\u0142e\u015b krew wyp\u0142ywaj\u0105c\u0105 z ma\u0142ego skaleczenia, widzia\u0142e\u015b co\u015b tak zwyczajnego, \u017ce \u0142atwo przeoczy\u0107 jego cudowno\u015b\u0107.\n\nAle ten g\u0142\u0119boki, czerwony strumie\u0144 to nie tylko p\u0142yn.To \u017cywa tkanka, ekosystem, linia \u017cycia.To rzeka cia\u0142a \u2013 dostarczaj\u0105ca, broni\u0105ca, naprawiaj\u0105ca i reguluj\u0105ca.\n\nW...<\/div>      <\/div>\n<\/div>\n\n<\/div>\n<!-- end Post Blocks -->\t\t\t\t<\/div>\n\t\t\t\t<\/div>\n\t\t\t\t<div class=\"elementor-element elementor-element-2a4078a elementor-widget elementor-widget-ucaddon_post_blocks\" data-id=\"2a4078a\" data-element_type=\"widget\" data-e-type=\"widget\" data-widget_type=\"ucaddon_post_blocks.default\">\n\t\t\t\t<div class=\"elementor-widget-container\">\n\t\t\t\t\t\n<!-- start Post Blocks -->\n\n<style>\/* widget: Post Blocks *\/\n\n\r\n@keyframes uc_post_blocks_elementor_2a4078a__item-animation {\r\n  0% {\r\n            \r\n        \t        \tfilter: blur(10px);\r\n\t\t\t\r\n    \t    opacity: 0;\r\n  }\r\n  100% {\r\n            \r\n        \t            filter: blur(0px);\r\n            \r\n    \t\topacity: 1;\r\n  }\r\n}\r\n\r\n\r\n#uc_post_blocks_elementor_2a4078a .ue_post_blocks_box{\r\n\topacity:0;\r\n}\r\n\r\n\r\n#uc_post_blocks_elementor_2a4078a .uc-entrance-animate {\r\n  opacity:1;\r\n}\r\n\r\n#uc_post_blocks_elementor_2a4078a .uc-entrance-animate {\r\n\tanimation: uc_post_blocks_elementor_2a4078a__item-animation 0.6s cubic-bezier(0.470, 0.000, 0.745, 0.715) both;\r\n}\r\n\r\n\t\t\t\n\n#uc_post_blocks_elementor_2a4078a {\n    display:grid;\n}\n#uc_post_blocks_elementor_2a4078a .ue_post_blocks_box\n{\n  overflow:hidden;\n}\n\n#uc_post_blocks_elementor_2a4078a .ue_post_blocks_image\n{\n  overflow:hidden;\n}\n#uc_post_blocks_elementor_2a4078a .ue_post_blocks_image img\n{\n  width:100%;\n  display:block;\n}\n#uc_post_blocks_elementor_2a4078a .ue_post_blocks_link a\n{\n  display:inline-block;\n  text-decoration:none;\n  text-align:center;\n}\n\n\n#uc_post_blocks_elementor_2a4078a .ue-grid-item-meta-data\n{\n  display:inlin-flex;\n  flex-wrap: wrap;\n}\n\n.ue-grid-item-meta-data\n{\n  font-size:12px;\n}\n\n#uc_post_blocks_elementor_2a4078a .ue-grid-item-meta-data-icon\n{\n  line-height:1em;\n}\n\n#uc_post_blocks_elementor_2a4078a .ue-grid-item-meta-data-icon svg\n{\n  width:1em;\n  height:1em;\n}\n\n#uc_post_blocks_elementor_2a4078a .ue_post_blocks_box{\n  display: flex;\n  flex-direction: column;\n}\n#uc_post_blocks_elementor_2a4078a .ue_post_blocks_content{\n display: flex; flex-grow: 1;\n flex-direction: column;\n}\n#uc_post_blocks_elementor_2a4078a .ue_post_blocks_link{ margin-top: auto;\n}\n\n.ue-grid-item-category a\n{\n  display:inline-block;\n  font-size:10px;\n  text-transform:uppercase;\n}\n\n\n\n\n<\/style>\n\n<div id=\"uc_post_blocks_elementor_2a4078a\" class=\"ue_post_blocks uc-items-wrapper \" >\n    <div class=\"ue_post_blocks_box\">\n    <div class=\"ue_post_blocks_image\">\n    <a href=\"https:\/\/biongine.com\/pl\/dlaczego-musimy-przejsc-od-medycyny-reaktywnej-2-0-do-medycyny-proaktywnej-3-0-juz-teraz\" style=\"display:block;\"><img decoding=\"async\" src=\"https:\/\/biongine.com\/wp-content\/uploads\/2025\/07\/image-70-768x430.jpg\"  src=\"https:\/\/biongine.com\/wp-content\/uploads\/2025\/07\/image-70-768x430.jpg\" alt=\"image 70\" width=\"768\" height=\"430\"><\/a>\n  <\/div>\n    <div class=\"ue_post_blocks_content\">\n      \n     <div class=\"ue-grid-item-category\"><a href=\"https:\/\/biongine.com\/pl\/category\/dlugowiecznosc\">d\u0142ugowieczno\u015b\u0107<\/a><a href=\"https:\/\/biongine.com\/pl\/category\/ogolne\">Og\u00f3lne<\/a><\/div>\n         \n    <div class=\"ue_post_blocks_title\"><a href=\"https:\/\/biongine.com\/pl\/dlaczego-musimy-przejsc-od-medycyny-reaktywnej-2-0-do-medycyny-proaktywnej-3-0-juz-teraz\">Dlaczego musimy przej\u015b\u0107 od medycyny reaktywnej 2.0 do medycyny proaktywnej 3.0 \u2013 ju\u017c teraz<\/a><\/div>    \n        \n    \n    <div class=\"ue_post_blocks_text\">Pacjent przychodzi do kliniki\n\nJest zm\u0119czony od miesi\u0119cy. Przybiera na wadze. Ma problemy ze snem. Ale zg\u0142asza si\u0119 dopiero wtedy, gdy sytuacja staje si\u0119...<\/div>      <\/div>\n<\/div>\n<div class=\"ue_post_blocks_box\">\n    <div class=\"ue_post_blocks_image\">\n    <a href=\"https:\/\/biongine.com\/pl\/dlaczego-normalne-wyniki-badan-laboratoryjnych-moga-nie-byc-dla-ciebie-normalne\" style=\"display:block;\"><img loading=\"lazy\" decoding=\"async\" src=\"https:\/\/biongine.com\/wp-content\/uploads\/2025\/07\/image-69-768x430.jpg\"  src=\"https:\/\/biongine.com\/wp-content\/uploads\/2025\/07\/image-69-768x430.jpg\" alt=\"image 69\" width=\"768\" height=\"430\"><\/a>\n  <\/div>\n    <div class=\"ue_post_blocks_content\">\n      \n     <div class=\"ue-grid-item-category\"><a href=\"https:\/\/biongine.com\/pl\/category\/dlugowiecznosc\">d\u0142ugowieczno\u015b\u0107<\/a><\/div>\n         \n    <div class=\"ue_post_blocks_title\"><a href=\"https:\/\/biongine.com\/pl\/dlaczego-normalne-wyniki-badan-laboratoryjnych-moga-nie-byc-dla-ciebie-normalne\">Dlaczego \u201enormalne\u201d wyniki bada\u0144 laboratoryjnych mog\u0105 nie by\u0107 dla Ciebie normalne?<\/a><\/div>    \n        \n    \n    <div class=\"ue_post_blocks_text\">Kiedy po raz pierwszy zacz\u0105\u0142em powa\u017cnie monitorowa\u0107 swoje zdrowie, czu\u0142em, \u017ce robi\u0119 wszystko dobrze. Dobrze spa\u0142em. Od\u017cywia\u0142em si\u0119 przyzwoicie. Codziennie...<\/div>      <\/div>\n<\/div>\n<div class=\"ue_post_blocks_box\">\n    <div class=\"ue_post_blocks_image\">\n    <a href=\"https:\/\/biongine.com\/pl\/dlugosc-zycia-a-zdrowie-dlaczego-dluzsze-zycie-nie-jest-celem\" style=\"display:block;\"><img loading=\"lazy\" decoding=\"async\" src=\"https:\/\/biongine.com\/wp-content\/uploads\/2025\/07\/lycan5622_happy_old_but_active_man_full_ofl_life_outdoor_smil_f7fce000-1ffd-4b68-b789-b62be8e87541_0-1-768x430.jpg\"  src=\"https:\/\/biongine.com\/wp-content\/uploads\/2025\/07\/lycan5622_happy_old_but_active_man_full_ofl_life_outdoor_smil_f7fce000-1ffd-4b68-b789-b62be8e87541_0-1-768x430.jpg\" alt=\"lycan5622_happy_old_but_active_man_full_ofl_life_outdoor_smil_f7fce000-1ffd-4b68-b789-b62be8e87541_0 1\" width=\"768\" height=\"430\"><\/a>\n  <\/div>\n    <div class=\"ue_post_blocks_content\">\n      \n     <div class=\"ue-grid-item-category\"><a href=\"https:\/\/biongine.com\/pl\/category\/dlugowiecznosc\">d\u0142ugowieczno\u015b\u0107<\/a><a href=\"https:\/\/biongine.com\/pl\/category\/ogolne\">Og\u00f3lne<\/a><\/div>\n         \n    <div class=\"ue_post_blocks_title\"><a href=\"https:\/\/biongine.com\/pl\/dlugosc-zycia-a-zdrowie-dlaczego-dluzsze-zycie-nie-jest-celem\">D\u0142ugo\u015b\u0107 \u017cycia a zdrowie: Dlaczego d\u0142u\u017csze \u017cycie nie jest celem<\/a><\/div>    \n        \n    \n    <div class=\"ue_post_blocks_text\">\u201eCelem nie jest \u017cycie wieczne. Celem jest powstrzymanie umierania z powodu mo\u017cliwych do unikni\u0119cia przyczyn\u201d.\n\u2013 Peter Attia\n\n\n\n\u017byjemy d\u0142u\u017cej ni\u017c kiedykolwiek...<\/div>      <\/div>\n<\/div>\n<div class=\"ue_post_blocks_box\">\n    <div class=\"ue_post_blocks_image\">\n    <a href=\"https:\/\/biongine.com\/pl\/dlaczego-biomarkery-sa-wazne-odkrywanie-jezyka-swojego-ciala\" style=\"display:block;\"><img loading=\"lazy\" decoding=\"async\" src=\"https:\/\/biongine.com\/wp-content\/uploads\/2025\/07\/image-66-768x430.jpg\"  src=\"https:\/\/biongine.com\/wp-content\/uploads\/2025\/07\/image-66-768x430.jpg\" alt=\"image 66\" width=\"768\" height=\"430\"><\/a>\n  <\/div>\n    <div class=\"ue_post_blocks_content\">\n      \n     <div class=\"ue-grid-item-category\"><a href=\"https:\/\/biongine.com\/pl\/category\/biomarkery\">Biomarkery<\/a><\/div>\n         \n    <div class=\"ue_post_blocks_title\"><a href=\"https:\/\/biongine.com\/pl\/dlaczego-biomarkery-sa-wazne-odkrywanie-jezyka-swojego-ciala\">Dlaczego biomarkery s\u0105 wa\u017cne: Odkrywanie j\u0119zyka swojego cia\u0142a<\/a><\/div>    \n        \n    \n    <div class=\"ue_post_blocks_text\">\u017byjemy w \u015bwiecie, w kt\u00f3rym mo\u017cemy zmierzy\u0107 niemal wszystko.\n\nIle krok\u00f3w robimy.Jak g\u0142\u0119boko \u015bpimy.Nawet ile os\u00f3b klikn\u0119\u0142o link, kt\u00f3ry udost\u0119pnili\u015bmy sze\u015b\u0107...<\/div>      <\/div>\n<\/div>\n<div class=\"ue_post_blocks_box\">\n    <div class=\"ue_post_blocks_image\">\n    <a href=\"https:\/\/biongine.com\/pl\/dlaczego-budujemy-biongine\" style=\"display:block;\"><img loading=\"lazy\" decoding=\"async\" src=\"https:\/\/biongine.com\/wp-content\/uploads\/2025\/07\/Frame-54-768x442.jpg\"  src=\"https:\/\/biongine.com\/wp-content\/uploads\/2025\/07\/Frame-54-768x442.jpg\" alt=\"Frame 54\" width=\"768\" height=\"442\"><\/a>\n  <\/div>\n    <div class=\"ue_post_blocks_content\">\n      \n     <div class=\"ue-grid-item-category\"><a href=\"https:\/\/biongine.com\/pl\/category\/ogolne\">Og\u00f3lne<\/a><\/div>\n         \n    <div class=\"ue_post_blocks_title\"><a href=\"https:\/\/biongine.com\/pl\/dlaczego-budujemy-biongine\">Dlaczego budujemy Biongine<\/a><\/div>    \n        \n    \n    <div class=\"ue_post_blocks_text\">Po dziesi\u0119ciu lekarzach, 100 000 z\u0142otych i miesi\u0105cach bez odpowiedzi na pytania, wci\u0105\u017c nie by\u0142em bli\u017cej zrozumienia, co mi dolega. Ka\u017cda wizyta przynosi\u0142a...<\/div>      <\/div>\n<\/div>\n\n<\/div>\n<!-- end Post Blocks -->\t\t\t\t<\/div>\n\t\t\t\t<\/div>\n\t\t\t\t\t<\/div>\n\t\t\t\t<\/div>\n\t\t\t\t<\/div>\n\t\t","protected":false},"excerpt":{"rendered":"<p>Baza wiedzy BiomarkersBlood tests Blood: the river of life within us If you\u2019ve ever watched blood flow from a small cut, you\u2019ve seen something so ordinary that it\u2019s easy to overlook its wonder. But that deep red stream is not just a liquid.It\u2019s a living tissue, an ecosystem, a lifeline.It\u2019s the body\u2019s river &#8211; delivering, [&hellip;]<\/p>\n","protected":false},"author":2,"featured_media":0,"parent":0,"menu_order":0,"comment_status":"closed","ping_status":"closed","template":"elementor_header_footer","meta":{"content-type":"","footnotes":""},"class_list":["post-709","page","type-page","status-publish","hentry"],"yoast_head":"<!-- This site is optimized with the Yoast SEO plugin v26.9 - https:\/\/yoast.com\/product\/yoast-seo-wordpress\/ -->\n<title>Baza wiedzy - Biongine | Let&#039;s add health to life. Together.<\/title>\n<meta name=\"robots\" content=\"index, follow, max-snippet:-1, max-image-preview:large, max-video-preview:-1\" \/>\n<link rel=\"canonical\" href=\"https:\/\/biongine.com\/pl\/baza-wiedzy\" \/>\n<meta property=\"og:locale\" content=\"pl_PL\" \/>\n<meta property=\"og:type\" content=\"article\" \/>\n<meta property=\"og:title\" content=\"Baza wiedzy - Biongine | Let&#039;s add health to life. Together.\" \/>\n<meta property=\"og:description\" content=\"Baza wiedzy BiomarkersBlood tests Blood: the river of life within us If you\u2019ve ever watched blood flow from a small cut, you\u2019ve seen something so ordinary that it\u2019s easy to overlook its wonder. But that deep red stream is not just a liquid.It\u2019s a living tissue, an ecosystem, a lifeline.It\u2019s the body\u2019s river &#8211; delivering, [&hellip;]\" \/>\n<meta property=\"og:url\" content=\"https:\/\/biongine.com\/pl\/baza-wiedzy\" \/>\n<meta property=\"og:site_name\" content=\"Biongine | Let&#039;s add health to life. Together.\" \/>\n<meta property=\"article:modified_time\" content=\"2025-08-10T13:52:18+00:00\" \/>\n<meta property=\"og:image\" content=\"https:\/\/biongine.com\/wp-content\/uploads\/2025\/08\/image-73.webp\" \/>\n<meta name=\"twitter:card\" content=\"summary_large_image\" \/>\n<meta name=\"twitter:label1\" content=\"Szacowany czas czytania\" \/>\n\t<meta name=\"twitter:data1\" content=\"1 minuta\" \/>\n<script type=\"application\/ld+json\" class=\"yoast-schema-graph\">{\"@context\":\"https:\/\/schema.org\",\"@graph\":[{\"@type\":\"WebPage\",\"@id\":\"https:\/\/biongine.com\/pl\/baza-wiedzy\",\"url\":\"https:\/\/biongine.com\/pl\/baza-wiedzy\",\"name\":\"Baza wiedzy - Biongine | Let&#039;s add health to life. Together.\",\"isPartOf\":{\"@id\":\"https:\/\/biongine.com\/pl#website\"},\"primaryImageOfPage\":{\"@id\":\"https:\/\/biongine.com\/pl\/baza-wiedzy#primaryimage\"},\"image\":{\"@id\":\"https:\/\/biongine.com\/pl\/baza-wiedzy#primaryimage\"},\"thumbnailUrl\":\"https:\/\/biongine.com\/wp-content\/uploads\/2025\/08\/image-73.webp\",\"datePublished\":\"2025-08-10T13:19:31+00:00\",\"dateModified\":\"2025-08-10T13:52:18+00:00\",\"breadcrumb\":{\"@id\":\"https:\/\/biongine.com\/pl\/baza-wiedzy#breadcrumb\"},\"inLanguage\":\"pl-PL\",\"potentialAction\":[{\"@type\":\"ReadAction\",\"target\":[\"https:\/\/biongine.com\/pl\/baza-wiedzy\"]}]},{\"@type\":\"ImageObject\",\"inLanguage\":\"pl-PL\",\"@id\":\"https:\/\/biongine.com\/pl\/baza-wiedzy#primaryimage\",\"url\":\"https:\/\/biongine.com\/wp-content\/uploads\/2025\/08\/image-73.webp\",\"contentUrl\":\"https:\/\/biongine.com\/wp-content\/uploads\/2025\/08\/image-73.webp\"},{\"@type\":\"BreadcrumbList\",\"@id\":\"https:\/\/biongine.com\/pl\/baza-wiedzy#breadcrumb\",\"itemListElement\":[{\"@type\":\"ListItem\",\"position\":1,\"name\":\"Strona g\u0142\u00f3wna\",\"item\":\"https:\/\/biongine.com\/pl\"},{\"@type\":\"ListItem\",\"position\":2,\"name\":\"Baza wiedzy\"}]},{\"@type\":\"WebSite\",\"@id\":\"https:\/\/biongine.com\/pl#website\",\"url\":\"https:\/\/biongine.com\/pl\",\"name\":\"Biongine | Lets add health to life. Together.\",\"description\":\"Let&#039;s add health to life. Together.\",\"publisher\":{\"@id\":\"https:\/\/biongine.com\/pl#organization\"},\"potentialAction\":[{\"@type\":\"SearchAction\",\"target\":{\"@type\":\"EntryPoint\",\"urlTemplate\":\"https:\/\/biongine.com\/pl?s={search_term_string}\"},\"query-input\":{\"@type\":\"PropertyValueSpecification\",\"valueRequired\":true,\"valueName\":\"search_term_string\"}}],\"inLanguage\":\"pl-PL\"},{\"@type\":\"Organization\",\"@id\":\"https:\/\/biongine.com\/pl#organization\",\"name\":\"Biongine | Lets add health to life. Together.\",\"url\":\"https:\/\/biongine.com\/pl\",\"logo\":{\"@type\":\"ImageObject\",\"inLanguage\":\"pl-PL\",\"@id\":\"https:\/\/biongine.com\/pl#\/schema\/logo\/image\/\",\"url\":\"https:\/\/biongine.com\/wp-content\/uploads\/2025\/07\/biongine_logo2.svg\",\"contentUrl\":\"https:\/\/biongine.com\/wp-content\/uploads\/2025\/07\/biongine_logo2.svg\",\"caption\":\"Biongine | Lets add health to life. Together.\"},\"image\":{\"@id\":\"https:\/\/biongine.com\/pl#\/schema\/logo\/image\/\"},\"sameAs\":[\"https:\/\/www.instagram.com\/biongine\/\",\"https:\/\/www.linkedin.com\/company\/biongine\/\"]}]}<\/script>\n<!-- \/ Yoast SEO plugin. -->","yoast_head_json":{"title":"Baza wiedzy - Biongine | Let&#039;s add health to life. Together.","robots":{"index":"index","follow":"follow","max-snippet":"max-snippet:-1","max-image-preview":"max-image-preview:large","max-video-preview":"max-video-preview:-1"},"canonical":"https:\/\/biongine.com\/pl\/baza-wiedzy","og_locale":"pl_PL","og_type":"article","og_title":"Baza wiedzy - Biongine | Let&#039;s add health to life. Together.","og_description":"Baza wiedzy BiomarkersBlood tests Blood: the river of life within us If you\u2019ve ever watched blood flow from a small cut, you\u2019ve seen something so ordinary that it\u2019s easy to overlook its wonder. But that deep red stream is not just a liquid.It\u2019s a living tissue, an ecosystem, a lifeline.It\u2019s the body\u2019s river &#8211; delivering, [&hellip;]","og_url":"https:\/\/biongine.com\/pl\/baza-wiedzy","og_site_name":"Biongine | Let&#039;s add health to life. Together.","article_modified_time":"2025-08-10T13:52:18+00:00","og_image":[{"url":"https:\/\/biongine.com\/wp-content\/uploads\/2025\/08\/image-73.webp","type":"","width":"","height":""}],"twitter_card":"summary_large_image","twitter_misc":{"Szacowany czas czytania":"1 minuta"},"schema":{"@context":"https:\/\/schema.org","@graph":[{"@type":"WebPage","@id":"https:\/\/biongine.com\/pl\/baza-wiedzy","url":"https:\/\/biongine.com\/pl\/baza-wiedzy","name":"Baza wiedzy - Biongine | Let&#039;s add health to life. Together.","isPartOf":{"@id":"https:\/\/biongine.com\/pl#website"},"primaryImageOfPage":{"@id":"https:\/\/biongine.com\/pl\/baza-wiedzy#primaryimage"},"image":{"@id":"https:\/\/biongine.com\/pl\/baza-wiedzy#primaryimage"},"thumbnailUrl":"https:\/\/biongine.com\/wp-content\/uploads\/2025\/08\/image-73.webp","datePublished":"2025-08-10T13:19:31+00:00","dateModified":"2025-08-10T13:52:18+00:00","breadcrumb":{"@id":"https:\/\/biongine.com\/pl\/baza-wiedzy#breadcrumb"},"inLanguage":"pl-PL","potentialAction":[{"@type":"ReadAction","target":["https:\/\/biongine.com\/pl\/baza-wiedzy"]}]},{"@type":"ImageObject","inLanguage":"pl-PL","@id":"https:\/\/biongine.com\/pl\/baza-wiedzy#primaryimage","url":"https:\/\/biongine.com\/wp-content\/uploads\/2025\/08\/image-73.webp","contentUrl":"https:\/\/biongine.com\/wp-content\/uploads\/2025\/08\/image-73.webp"},{"@type":"BreadcrumbList","@id":"https:\/\/biongine.com\/pl\/baza-wiedzy#breadcrumb","itemListElement":[{"@type":"ListItem","position":1,"name":"Strona g\u0142\u00f3wna","item":"https:\/\/biongine.com\/pl"},{"@type":"ListItem","position":2,"name":"Baza wiedzy"}]},{"@type":"WebSite","@id":"https:\/\/biongine.com\/pl#website","url":"https:\/\/biongine.com\/pl","name":"Biongine | Lets add health to life. Together.","description":"Let&#039;s add health to life. Together.","publisher":{"@id":"https:\/\/biongine.com\/pl#organization"},"potentialAction":[{"@type":"SearchAction","target":{"@type":"EntryPoint","urlTemplate":"https:\/\/biongine.com\/pl?s={search_term_string}"},"query-input":{"@type":"PropertyValueSpecification","valueRequired":true,"valueName":"search_term_string"}}],"inLanguage":"pl-PL"},{"@type":"Organization","@id":"https:\/\/biongine.com\/pl#organization","name":"Biongine | Lets add health to life. Together.","url":"https:\/\/biongine.com\/pl","logo":{"@type":"ImageObject","inLanguage":"pl-PL","@id":"https:\/\/biongine.com\/pl#\/schema\/logo\/image\/","url":"https:\/\/biongine.com\/wp-content\/uploads\/2025\/07\/biongine_logo2.svg","contentUrl":"https:\/\/biongine.com\/wp-content\/uploads\/2025\/07\/biongine_logo2.svg","caption":"Biongine | Lets add health to life. Together."},"image":{"@id":"https:\/\/biongine.com\/pl#\/schema\/logo\/image\/"},"sameAs":["https:\/\/www.instagram.com\/biongine\/","https:\/\/www.linkedin.com\/company\/biongine\/"]}]}},"_links":{"self":[{"href":"https:\/\/biongine.com\/pl\/wp-json\/wp\/v2\/pages\/709","targetHints":{"allow":["GET"]}}],"collection":[{"href":"https:\/\/biongine.com\/pl\/wp-json\/wp\/v2\/pages"}],"about":[{"href":"https:\/\/biongine.com\/pl\/wp-json\/wp\/v2\/types\/page"}],"author":[{"embeddable":true,"href":"https:\/\/biongine.com\/pl\/wp-json\/wp\/v2\/users\/2"}],"replies":[{"embeddable":true,"href":"https:\/\/biongine.com\/pl\/wp-json\/wp\/v2\/comments?post=709"}],"version-history":[{"count":1,"href":"https:\/\/biongine.com\/pl\/wp-json\/wp\/v2\/pages\/709\/revisions"}],"predecessor-version":[{"id":710,"href":"https:\/\/biongine.com\/pl\/wp-json\/wp\/v2\/pages\/709\/revisions\/710"}],"wp:attachment":[{"href":"https:\/\/biongine.com\/pl\/wp-json\/wp\/v2\/media?parent=709"}],"curies":[{"name":"wp","href":"https:\/\/api.w.org\/{rel}","templated":true}]}}